{"id":3718,"date":"2024-10-22T14:50:18","date_gmt":"2024-10-22T14:50:18","guid":{"rendered":"https:\/\/prinsetonclean.com\/product\/ca002\/"},"modified":"2024-10-22T14:50:18","modified_gmt":"2024-10-22T14:50:18","slug":"ca002","status":"publish","type":"product","link":"https:\/\/prinsetonclean.com\/vi\/product\/ca002\/","title":{"rendered":"CA002"},"content":{"rendered":"","protected":false},"excerpt":{"rendered":"<p>Ca-002 l\u00e0 thanh b\u00f4ng tr\u1ee5c chu\u1ea9n 3 inch \u0111\u01b0\u1ee3c s\u1eed d\u1ee5ng r\u1ed9ng r\u00e3i nh\u1ea5t. \u0110\u1ea7u b\u00f4ng tr\u00f2n, tr\u1ee5c gi\u1ea5y ch\u1eafc ch\u1eafn v\u00e0 b\u1ec1n kh\u00f4ng c\u00f3 silicon. Th\u00edch h\u1ee3p cho nhi\u1ec1u quy tr\u00ecnh kh\u00e1c nhau. C\u00f3 th\u1ec3 d\u00f9ng \u0111\u1ec3 v\u1ec7 sinh linh ki\u1ec7n, linh ki\u1ec7n ch\u00ednh x\u00e1c v\u00e0 d\u1ee5ng c\u1ee5. L\u00e0 thanh b\u00f4ng thanh l\u1ecdc \u0111a n\u0103ng ph\u1ed5 bi\u1ebfn nh\u1ea5t.    <\/p>\n","protected":false},"featured_media":3465,"template":"","meta":[],"product_brand":[],"product_cat":[79],"product_tag":[],"class_list":{"0":"post-3718","1":"product","2":"type-product","3":"status-publish","4":"has-post-thumbnail","6":"product_cat-tam-bong-phong-sach","8":"first","9":"instock","10":"shipping-taxable","11":"product-type-simple"},"_links":{"self":[{"href":"https:\/\/prinsetonclean.com\/vi\/wp-json\/wp\/v2\/product\/3718"}],"collection":[{"href":"https:\/\/prinsetonclean.com\/vi\/wp-json\/wp\/v2\/product"}],"about":[{"href":"https:\/\/prinsetonclean.com\/vi\/wp-json\/wp\/v2\/types\/product"}],"version-history":[{"count":0,"href":"https:\/\/prinsetonclean.com\/vi\/wp-json\/wp\/v2\/product\/3718\/revisions"}],"wp:featuredmedia":[{"embeddable":true,"href":"https:\/\/prinsetonclean.com\/vi\/wp-json\/wp\/v2\/media\/3465"}],"wp:attachment":[{"href":"https:\/\/prinsetonclean.com\/vi\/wp-json\/wp\/v2\/media?parent=3718"}],"wp:term":[{"taxonomy":"product_brand","embeddable":true,"href":"https:\/\/prinsetonclean.com\/vi\/wp-json\/wp\/v2\/product_brand?post=3718"},{"taxonomy":"product_cat","embeddable":true,"href":"https:\/\/prinsetonclean.com\/vi\/wp-json\/wp\/v2\/product_cat?post=3718"},{"taxonomy":"product_tag","embeddable":true,"href":"https:\/\/prinsetonclean.com\/vi\/wp-json\/wp\/v2\/product_tag?post=3718"}],"curies":[{"name":"wp","href":"https:\/\/api.w.org\/{rel}","templated":true}]}}