{"id":3720,"date":"2024-10-22T14:49:19","date_gmt":"2024-10-22T14:49:19","guid":{"rendered":"https:\/\/prinsetonclean.com\/product\/ca003\/"},"modified":"2024-10-22T14:49:19","modified_gmt":"2024-10-22T14:49:19","slug":"ca003","status":"publish","type":"product","link":"https:\/\/prinsetonclean.com\/vi\/product\/ca003\/","title":{"rendered":"CA003"},"content":{"rendered":"","protected":false},"excerpt":{"rendered":"<p>Ca-003 l\u00e0 thanh b\u00f4ng tr\u1ee5c ti\u00eau chu\u1ea9n 3 inch c\u00f3 \u0111\u1ea7u nh\u1ecdn. \u0110\u1ea7u \u0111\u01b0\u1ee3c l\u00e0m b\u1eb1ng c\u00f4ng ngh\u1ec7 \u0111\u1ed9c \u0111\u00e1o v\u00e0 kh\u00f4ng d\u1ec5 r\u01a1i ra kh\u1ecfi v\u1ee5n b\u00f4ng. Tr\u1ee5c gi\u1ea5y ph\u00f9 h\u1ee3p v\u1edbi c\u1ea3 m\u1ec1m v\u00e0 c\u1ee9ng, d\u1ec5 s\u1eed d\u1ee5ng. Ph\u1ea7n \u0111\u1ea7u c\u00f3 th\u1ec3 \u0111\u01b0\u1ee3c s\u1eed d\u1ee5ng \u0111\u1ec3 v\u1ec7 sinh c\u00e1c b\u1ed9 ph\u1eadn nh\u1ecf ho\u1eb7c khu v\u1ef1c h\u1eb9p m\u1ed9t c\u00e1ch d\u1ec5 d\u00e0ng. N\u00f3 \u0111\u01b0\u1ee3c s\u1eed d\u1ee5ng r\u1ed9ng r\u00e3i trong s\u1ea3n xu\u1ea5t linh ki\u1ec7n \u0111i\u1ec7n t\u1eed, s\u1ea3n ph\u1ea9m quang h\u1ecdc, linh ki\u1ec7n ch\u00ednh x\u00e1c v\u00e0 b\u1ea3o tr\u00ec d\u1ee5ng c\u1ee5 v\u00e0 \u0111\u1ed3ng h\u1ed3 \u0111o.   <\/p>\n","protected":false},"featured_media":3469,"template":"","meta":[],"product_brand":[],"product_cat":[79],"product_tag":[],"class_list":{"0":"post-3720","1":"product","2":"type-product","3":"status-publish","4":"has-post-thumbnail","6":"product_cat-tam-bong-phong-sach","8":"first","9":"instock","10":"shipping-taxable","11":"product-type-simple"},"_links":{"self":[{"href":"https:\/\/prinsetonclean.com\/vi\/wp-json\/wp\/v2\/product\/3720"}],"collection":[{"href":"https:\/\/prinsetonclean.com\/vi\/wp-json\/wp\/v2\/product"}],"about":[{"href":"https:\/\/prinsetonclean.com\/vi\/wp-json\/wp\/v2\/types\/product"}],"version-history":[{"count":0,"href":"https:\/\/prinsetonclean.com\/vi\/wp-json\/wp\/v2\/product\/3720\/revisions"}],"wp:featuredmedia":[{"embeddable":true,"href":"https:\/\/prinsetonclean.com\/vi\/wp-json\/wp\/v2\/media\/3469"}],"wp:attachment":[{"href":"https:\/\/prinsetonclean.com\/vi\/wp-json\/wp\/v2\/media?parent=3720"}],"wp:term":[{"taxonomy":"product_brand","embeddable":true,"href":"https:\/\/prinsetonclean.com\/vi\/wp-json\/wp\/v2\/product_brand?post=3720"},{"taxonomy":"product_cat","embeddable":true,"href":"https:\/\/prinsetonclean.com\/vi\/wp-json\/wp\/v2\/product_cat?post=3720"},{"taxonomy":"product_tag","embeddable":true,"href":"https:\/\/prinsetonclean.com\/vi\/wp-json\/wp\/v2\/product_tag?post=3720"}],"curies":[{"name":"wp","href":"https:\/\/api.w.org\/{rel}","templated":true}]}}