{"id":3721,"date":"2024-10-22T14:42:14","date_gmt":"2024-10-22T14:42:14","guid":{"rendered":"https:\/\/prinsetonclean.com\/product\/bb013\/"},"modified":"2024-10-22T14:42:14","modified_gmt":"2024-10-22T14:42:14","slug":"bb013","status":"publish","type":"product","link":"https:\/\/prinsetonclean.com\/vi\/product\/bb013\/","title":{"rendered":"BB013"},"content":{"rendered":"","protected":false},"excerpt":{"rendered":"<p>Bb-013 l\u00e0 thanh b\u00f4ng tr\u1ee5c m\u1ecbn ch\u1ea5t l\u01b0\u1ee3ng cao 3 inch v\u1edbi c\u00f4ng ngh\u1ec7 \u0111\u1ed9c \u0111\u00e1o. \u0110\u1ec3 \u0111\u1ea1t \u0111\u01b0\u1ee3c \u0111\u01b0\u1eddng k\u00ednh nh\u1ecf c\u1ee7a \u0111\u1ea7u v\u00e0 duy tr\u00ec kh\u1ea3 n\u0103ng th\u1ea5m n\u01b0\u1edbc t\u1ed1t, \u0111\u1ea7u gi\u1ea5y b\u00ean trong s\u1ebd \u0111\u01b0\u1ee3c c\u1eaft \u0111\u1ec3 \u0111\u1ea3m b\u1ea3o kh\u1ed1i l\u01b0\u1ee3ng b\u00f4ng trong \u0111\u1ea7u, \u0110\u00e1p \u1ee9ng \u0111\u1ea7y \u0111\u1ee7 y\u00eau c\u1ea7u c\u1ee7a kh\u00e1ch h\u00e0ng c\u1ea7n nh\u00fang c\u1ed3n v\u00e0 lau c\u00e1c b\u1ed9 ph\u1eadn nh\u1ecf. S\u1ea3n ph\u1ea9m kh\u00f4ng ch\u1ee9a silicon, \u0111\u1ea7u \u1ed5n \u0111\u1ecbnh v\u00e0 kh\u00f4ng d\u1ec5 b\u1ecb t\u00f3c v\u00e0 m\u1ebb. Nh\u00fang v\u00e0o c\u1ed3n v\u00e0 lau ch\u1ea5t l\u1ecfng kh\u00e1c s\u1ebd kh\u00f4ng b\u1ecb bi\u1ebfn d\u1ea1ng qu\u00e1 m\u1ee9c, \u0111\u1eb7c bi\u1ec7t th\u00edch h\u1ee3p \u0111\u1ec3 th\u00e1o c\u00e1c ph\u1ee5 ki\u1ec7n \u1edf c\u00e1c b\u1ed9 ph\u1eadn nh\u1ea1y c\u1ea3m nh\u1ecf. Ch\u1ee7 y\u1ebfu \u0111\u01b0\u1ee3c s\u1eed d\u1ee5ng trong qu\u00e1 tr\u00ecnh s\u1ea3n xu\u1ea5t \u0111i\u1ec7n t\u1eed, quang h\u1ecdc, \u0111\u1ea7u n\u1ed1i v\u00e0 c\u00e1c ng\u00e0nh c\u00f4ng nghi\u1ec7p kh\u00e1c    <\/p>\n","protected":false},"featured_media":3459,"template":"","meta":[],"product_brand":[],"product_cat":[79],"product_tag":[],"class_list":{"0":"post-3721","1":"product","2":"type-product","3":"status-publish","4":"has-post-thumbnail","6":"product_cat-tam-bong-phong-sach","8":"first","9":"instock","10":"shipping-taxable","11":"product-type-simple"},"_links":{"self":[{"href":"https:\/\/prinsetonclean.com\/vi\/wp-json\/wp\/v2\/product\/3721"}],"collection":[{"href":"https:\/\/prinsetonclean.com\/vi\/wp-json\/wp\/v2\/product"}],"about":[{"href":"https:\/\/prinsetonclean.com\/vi\/wp-json\/wp\/v2\/types\/product"}],"version-history":[{"count":0,"href":"https:\/\/prinsetonclean.com\/vi\/wp-json\/wp\/v2\/product\/3721\/revisions"}],"wp:featuredmedia":[{"embeddable":true,"href":"https:\/\/prinsetonclean.com\/vi\/wp-json\/wp\/v2\/media\/3459"}],"wp:attachment":[{"href":"https:\/\/prinsetonclean.com\/vi\/wp-json\/wp\/v2\/media?parent=3721"}],"wp:term":[{"taxonomy":"product_brand","embeddable":true,"href":"https:\/\/prinsetonclean.com\/vi\/wp-json\/wp\/v2\/product_brand?post=3721"},{"taxonomy":"product_cat","embeddable":true,"href":"https:\/\/prinsetonclean.com\/vi\/wp-json\/wp\/v2\/product_cat?post=3721"},{"taxonomy":"product_tag","embeddable":true,"href":"https:\/\/prinsetonclean.com\/vi\/wp-json\/wp\/v2\/product_tag?post=3721"}],"curies":[{"name":"wp","href":"https:\/\/api.w.org\/{rel}","templated":true}]}}