{"id":3722,"date":"2024-10-22T14:44:07","date_gmt":"2024-10-22T14:44:07","guid":{"rendered":"https:\/\/prinsetonclean.com\/product\/bb012\/"},"modified":"2024-10-22T14:44:07","modified_gmt":"2024-10-22T14:44:07","slug":"bb012","status":"publish","type":"product","link":"https:\/\/prinsetonclean.com\/vi\/product\/bb012\/","title":{"rendered":"BB012"},"content":{"rendered":"","protected":false},"excerpt":{"rendered":"<p>Bb-012 l\u00e0 t\u0103m b\u00f4ng tr\u1ee5c m\u1ecfng 3 inch c\u00f3 \u0111\u1ea7u h\u01a1i ph\u1eb3ng. \u0110\u1ea7u c\u1ee7a tr\u1ee5c gi\u1ea5y b\u00ean trong \u0111\u01b0\u1ee3c c\u1eaft \u0111\u1ec3 t\u0103ng th\u1ec3 t\u00edch b\u00f4ng trong \u0111\u1ea7u v\u00e0 duy tr\u00ec kh\u1ea3 n\u0103ng th\u1ea5m n\u01b0\u1edbc t\u1ed1t. N\u00f3 \u0111\u01b0\u1ee3c ph\u00e1t tri\u1ec3n \u0111\u1ec3 \u0111\u00e1p \u1ee9ng nhu c\u1ea7u c\u1ee7a kh\u00e1ch h\u00e0ng lau c\u00e1c b\u1ed9 ph\u1eadn m\u1ecfng v\u00e0 h\u1eb9p sau khi t\u0103m b\u00f4ng nh\u00fang v\u00e0o dung m\u00f4i. Kh\u00f4ng c\u00f3 silicon, \u0111\u1ea7u b\u00f4ng kh\u00f4ng d\u1ec5 nh\u1eb7t v\u00e0 lo\u1ea1i b\u1ecf chip, v\u00e0 c\u00f3 kh\u1ea3 n\u0103ng l\u00e0m s\u1ea1ch ad m\u1ea1nh m\u1ebd c\u00e1c \u0111\u1ea7u n\u1ed1i, l\u00e0m s\u1ea1ch c\u00e1c b\u1ed9 ph\u1eadn \u0111\u00ednh k\u00e8m c\u1ee7a c\u00e1c th\u00e0nh ph\u1ea7n ch\u00ednh x\u00e1c v\u00e0 l\u00e0m s\u1ea1ch ch\u1ea5t n\u1ec1n b\u1eb1ng ch\u1ea5t tr\u1ee3 dung.   <\/p>\n","protected":false},"featured_media":3454,"template":"","meta":[],"product_brand":[],"product_cat":[79],"product_tag":[],"class_list":{"0":"post-3722","1":"product","2":"type-product","3":"status-publish","4":"has-post-thumbnail","6":"product_cat-tam-bong-phong-sach","8":"first","9":"instock","10":"shipping-taxable","11":"product-type-simple"},"_links":{"self":[{"href":"https:\/\/prinsetonclean.com\/vi\/wp-json\/wp\/v2\/product\/3722"}],"collection":[{"href":"https:\/\/prinsetonclean.com\/vi\/wp-json\/wp\/v2\/product"}],"about":[{"href":"https:\/\/prinsetonclean.com\/vi\/wp-json\/wp\/v2\/types\/product"}],"version-history":[{"count":0,"href":"https:\/\/prinsetonclean.com\/vi\/wp-json\/wp\/v2\/product\/3722\/revisions"}],"wp:featuredmedia":[{"embeddable":true,"href":"https:\/\/prinsetonclean.com\/vi\/wp-json\/wp\/v2\/media\/3454"}],"wp:attachment":[{"href":"https:\/\/prinsetonclean.com\/vi\/wp-json\/wp\/v2\/media?parent=3722"}],"wp:term":[{"taxonomy":"product_brand","embeddable":true,"href":"https:\/\/prinsetonclean.com\/vi\/wp-json\/wp\/v2\/product_brand?post=3722"},{"taxonomy":"product_cat","embeddable":true,"href":"https:\/\/prinsetonclean.com\/vi\/wp-json\/wp\/v2\/product_cat?post=3722"},{"taxonomy":"product_tag","embeddable":true,"href":"https:\/\/prinsetonclean.com\/vi\/wp-json\/wp\/v2\/product_tag?post=3722"}],"curies":[{"name":"wp","href":"https:\/\/api.w.org\/{rel}","templated":true}]}}