{"id":3723,"date":"2024-10-22T14:47:43","date_gmt":"2024-10-22T14:47:43","guid":{"rendered":"https:\/\/prinsetonclean.com\/product\/bb002\/"},"modified":"2024-10-22T14:47:43","modified_gmt":"2024-10-22T14:47:43","slug":"bb002","status":"publish","type":"product","link":"https:\/\/prinsetonclean.com\/vi\/product\/bb002\/","title":{"rendered":"BB002"},"content":{"rendered":"","protected":false},"excerpt":{"rendered":"<p>Bb-002 l\u00e0 thanh b\u00f4ng tr\u1ee5c m\u1ecfng 3 inch m\u1ecfng h\u01a1n \u0111\u1ea7u b\u00f4ng bb-001. \u0110\u1ea7u b\u00f4ng c\u0169ng h\u00ecnh c\u1ea7u kh\u00f4ng c\u00f3 silicon. Kh\u00f4ng c\u00f3 s\u1ee3i b\u00f4ng r\u1ee5ng, kh\u1ea3 n\u0103ng h\u00fat n\u01b0\u1edbc m\u1ea1nh, gi\u00e3n n\u1edf v\u00e0 bi\u1ebfn d\u1ea1ng. Trong c\u00e1c ng\u00e0nh c\u00f4ng nghi\u1ec7p \u0111i\u1ec7n t\u1eed, quang h\u1ecdc, \u1ed5 c\u1ee9ng v\u00e0 c\u00e1c ng\u00e0nh c\u00f4ng nghi\u1ec7p kh\u00e1c, ch\u1ee7 y\u1ebfu \u0111\u01b0\u1ee3c s\u1eed d\u1ee5ng \u0111\u1ec3 lau c\u00e1c b\u1ed9 ph\u1eadn trong qu\u00e1 tr\u00ecnh s\u1ea3n xu\u1ea5t v\u00e0 ch\u0103m s\u00f3c v\u00e0 v\u1ec7 sinh c\u00e1c d\u1ee5ng c\u1ee5 ch\u00ednh x\u00e1c nh\u01b0 k\u00ednh hi\u1ec3n vi, S\u1ea3n ph\u1ea9m th\u00e2n thi\u1ec7n v\u1edbi m\u00f4i tr\u01b0\u1eddng, c\u00f3 th\u1ec3 \u0111\u1ed1t v\u00e0 v\u1ee9t b\u1ecf, c\u00f3 th\u1ec3 s\u1eed d\u1ee5ng v\u1edbi s\u1ed1 l\u01b0\u1ee3ng l\u1edbn m\u00e0 kh\u00f4ng ph\u1ea3i lo l\u1eafng.   <\/p>\n","protected":false},"featured_media":3444,"template":"","meta":[],"product_brand":[],"product_cat":[79],"product_tag":[],"class_list":{"0":"post-3723","1":"product","2":"type-product","3":"status-publish","4":"has-post-thumbnail","6":"product_cat-tam-bong-phong-sach","8":"first","9":"instock","10":"shipping-taxable","11":"product-type-simple"},"_links":{"self":[{"href":"https:\/\/prinsetonclean.com\/vi\/wp-json\/wp\/v2\/product\/3723"}],"collection":[{"href":"https:\/\/prinsetonclean.com\/vi\/wp-json\/wp\/v2\/product"}],"about":[{"href":"https:\/\/prinsetonclean.com\/vi\/wp-json\/wp\/v2\/types\/product"}],"version-history":[{"count":0,"href":"https:\/\/prinsetonclean.com\/vi\/wp-json\/wp\/v2\/product\/3723\/revisions"}],"wp:featuredmedia":[{"embeddable":true,"href":"https:\/\/prinsetonclean.com\/vi\/wp-json\/wp\/v2\/media\/3444"}],"wp:attachment":[{"href":"https:\/\/prinsetonclean.com\/vi\/wp-json\/wp\/v2\/media?parent=3723"}],"wp:term":[{"taxonomy":"product_brand","embeddable":true,"href":"https:\/\/prinsetonclean.com\/vi\/wp-json\/wp\/v2\/product_brand?post=3723"},{"taxonomy":"product_cat","embeddable":true,"href":"https:\/\/prinsetonclean.com\/vi\/wp-json\/wp\/v2\/product_cat?post=3723"},{"taxonomy":"product_tag","embeddable":true,"href":"https:\/\/prinsetonclean.com\/vi\/wp-json\/wp\/v2\/product_tag?post=3723"}],"curies":[{"name":"wp","href":"https:\/\/api.w.org\/{rel}","templated":true}]}}