{"id":3724,"date":"2024-10-22T14:45:21","date_gmt":"2024-10-22T14:45:21","guid":{"rendered":"https:\/\/prinsetonclean.com\/product\/bb003\/"},"modified":"2024-10-22T14:45:21","modified_gmt":"2024-10-22T14:45:21","slug":"bb003","status":"publish","type":"product","link":"https:\/\/prinsetonclean.com\/vi\/product\/bb003\/","title":{"rendered":"BB003"},"content":{"rendered":"","protected":false},"excerpt":{"rendered":"<p>Bb-003 l\u00e0 thanh b\u00f4ng s\u1ee3i m\u1ecbn ch\u1ea5t l\u01b0\u1ee3ng cao 3 inch \u0111\u01b0\u1ee3c s\u1ea3n xu\u1ea5t theo c\u00f4ng ngh\u1ec7 \u0111\u1ed9c \u0111\u00e1o c\u1ee7a ch\u00fang t\u00f4i. \u0110\u1ea7u b\u00f4ng \u1ed5n \u0111\u1ecbnh, kh\u00f4ng d\u1ec5 b\u1ecb x\u00f9 l\u00f4ng v\u00e0 bong tr\u00f3c. \u0110\u1ed3ng th\u1eddi, duy tr\u00ec kh\u1ea3 n\u0103ng h\u1ea5p th\u1ee5 n\u01b0\u1edbc m\u1ea1nh, nh\u00fang v\u00e0o c\u1ed3n v\u00e0 c\u00e1c ch\u1ea5t l\u1ecfng kh\u00e1c lau s\u1ebd kh\u00f4ng b\u1ecb gi\u00e3n n\u1edf qu\u00e1 m\u1ee9c, bi\u1ebfn d\u1ea1ng. N\u00f3 \u0111\u1eb7c bi\u1ec7t th\u00edch h\u1ee3p \u0111\u1ec3 th\u00e1o r\u1eddi c\u00e1c b\u1ed9 ph\u1eadn nh\u1ecf! Ch\u1ee7 y\u1ebfu \u0111\u01b0\u1ee3c s\u1eed d\u1ee5ng r\u1ed9ng r\u00e3i trong c\u00e1c quy tr\u00ecnh s\u1ea3n xu\u1ea5t \u0111i\u1ec7n t\u1eed, quang h\u1ecdc, \u0111\u1ea7u n\u1ed1i v\u00e0 c\u00e1c ng\u00e0nh c\u00f4ng nghi\u1ec7p kh\u00e1c. C\u00e1c s\u1ea3n ph\u1ea9m b\u1ea3o v\u1ec7 m\u00f4i tr\u01b0\u1eddng d\u1ec5 d\u00e0ng lo\u1ea1i b\u1ecf m\u00e0 kh\u00f4ng ph\u1ea3i lo l\u1eafng<\/p>\n","protected":false},"featured_media":3449,"template":"","meta":[],"product_brand":[],"product_cat":[79],"product_tag":[],"class_list":{"0":"post-3724","1":"product","2":"type-product","3":"status-publish","4":"has-post-thumbnail","6":"product_cat-tam-bong-phong-sach","8":"first","9":"instock","10":"shipping-taxable","11":"product-type-simple"},"_links":{"self":[{"href":"https:\/\/prinsetonclean.com\/vi\/wp-json\/wp\/v2\/product\/3724"}],"collection":[{"href":"https:\/\/prinsetonclean.com\/vi\/wp-json\/wp\/v2\/product"}],"about":[{"href":"https:\/\/prinsetonclean.com\/vi\/wp-json\/wp\/v2\/types\/product"}],"version-history":[{"count":0,"href":"https:\/\/prinsetonclean.com\/vi\/wp-json\/wp\/v2\/product\/3724\/revisions"}],"wp:featuredmedia":[{"embeddable":true,"href":"https:\/\/prinsetonclean.com\/vi\/wp-json\/wp\/v2\/media\/3449"}],"wp:attachment":[{"href":"https:\/\/prinsetonclean.com\/vi\/wp-json\/wp\/v2\/media?parent=3724"}],"wp:term":[{"taxonomy":"product_brand","embeddable":true,"href":"https:\/\/prinsetonclean.com\/vi\/wp-json\/wp\/v2\/product_brand?post=3724"},{"taxonomy":"product_cat","embeddable":true,"href":"https:\/\/prinsetonclean.com\/vi\/wp-json\/wp\/v2\/product_cat?post=3724"},{"taxonomy":"product_tag","embeddable":true,"href":"https:\/\/prinsetonclean.com\/vi\/wp-json\/wp\/v2\/product_tag?post=3724"}],"curies":[{"name":"wp","href":"https:\/\/api.w.org\/{rel}","templated":true}]}}