{"id":3725,"date":"2024-10-22T14:48:13","date_gmt":"2024-10-22T14:48:13","guid":{"rendered":"https:\/\/prinsetonclean.com\/product\/bb001\/"},"modified":"2024-10-22T14:48:13","modified_gmt":"2024-10-22T14:48:13","slug":"bb001","status":"publish","type":"product","link":"https:\/\/prinsetonclean.com\/vi\/product\/bb001\/","title":{"rendered":"BB001"},"content":{"rendered":"","protected":false},"excerpt":{"rendered":"<p>Bb-001 l\u00e0 thanh b\u00f4ng tr\u1ee5c m\u1ecfng d\u00e0i 3 inch. S\u1ea3n ph\u1ea9m kh\u00f4ng ch\u1ee9a silicon, \u0111\u1ea7u b\u00f4ng tr\u00f2n v\u00e0 h\u00ecnh c\u1ea7u, kh\u00f4ng d\u1ec5 b\u1ecb nh\u1eb7t v\u00e0 bong ra. Kh\u1ea3 n\u0103ng h\u1ea5p th\u1ee5 n\u01b0\u1edbc m\u1ea1nh, kh\u00f4ng bi\u1ebfn d\u1ea1ng khi gi\u00e3n n\u1edf, nh\u00fang v\u00e0o c\u1ed3n v\u00e0 c\u00e1c ch\u1ea5t l\u1ecfng kh\u00e1c \u0111\u1ec3 lau c\u00f9ng hi\u1ec7u qu\u1ea3 ti\u1ec7n l\u1ee3i. \u0110\u01b0\u1ee3c s\u1eed d\u1ee5ng r\u1ed9ng r\u00e3i trong k\u1ef9 thu\u1eadt s\u1ea3n xu\u1ea5t linh ki\u1ec7n \u0111i\u1ec7n t\u1eed, quang h\u1ecdc, \u1ed5 c\u1ee9ng v\u00e0 ch\u0103m s\u00f3c v\u00e0 v\u1ec7 sinh c\u00e1c d\u1ee5ng c\u1ee5 ch\u00ednh x\u00e1c nh\u01b0 k\u00ednh hi\u1ec3n vi. S\u1ea3n ph\u1ea9m th\u00e2n thi\u1ec7n v\u1edbi m\u00f4i tr\u01b0\u1eddng v\u00e0 c\u00f3 th\u1ec3 \u0111\u1ed1t v\u00e0 v\u1ee9t b\u1ecf. \u0110\u1eb7c bi\u1ec7t ph\u00f9 h\u1ee3p v\u1edbi c\u00e1c nh\u00e0 m\u00e1y c\u00f3 nhu c\u1ea7u l\u1edbn v\u1ec1 t\u0103m b\u00f4ng c\u00f4ng nghi\u1ec7p     <\/p>\n","protected":false},"featured_media":3439,"template":"","meta":[],"product_brand":[],"product_cat":[79],"product_tag":[],"class_list":{"0":"post-3725","1":"product","2":"type-product","3":"status-publish","4":"has-post-thumbnail","6":"product_cat-tam-bong-phong-sach","8":"first","9":"instock","10":"shipping-taxable","11":"product-type-simple"},"_links":{"self":[{"href":"https:\/\/prinsetonclean.com\/vi\/wp-json\/wp\/v2\/product\/3725"}],"collection":[{"href":"https:\/\/prinsetonclean.com\/vi\/wp-json\/wp\/v2\/product"}],"about":[{"href":"https:\/\/prinsetonclean.com\/vi\/wp-json\/wp\/v2\/types\/product"}],"version-history":[{"count":0,"href":"https:\/\/prinsetonclean.com\/vi\/wp-json\/wp\/v2\/product\/3725\/revisions"}],"wp:featuredmedia":[{"embeddable":true,"href":"https:\/\/prinsetonclean.com\/vi\/wp-json\/wp\/v2\/media\/3439"}],"wp:attachment":[{"href":"https:\/\/prinsetonclean.com\/vi\/wp-json\/wp\/v2\/media?parent=3725"}],"wp:term":[{"taxonomy":"product_brand","embeddable":true,"href":"https:\/\/prinsetonclean.com\/vi\/wp-json\/wp\/v2\/product_brand?post=3725"},{"taxonomy":"product_cat","embeddable":true,"href":"https:\/\/prinsetonclean.com\/vi\/wp-json\/wp\/v2\/product_cat?post=3725"},{"taxonomy":"product_tag","embeddable":true,"href":"https:\/\/prinsetonclean.com\/vi\/wp-json\/wp\/v2\/product_tag?post=3725"}],"curies":[{"name":"wp","href":"https:\/\/api.w.org\/{rel}","templated":true}]}}