{"id":3726,"date":"2024-10-08T14:22:09","date_gmt":"2024-10-08T14:22:09","guid":{"rendered":"https:\/\/prinsetonclean.com\/product\/gang-tay-nitrile\/"},"modified":"2024-10-08T14:22:09","modified_gmt":"2024-10-08T14:22:09","slug":"gang-tay-nitrile","status":"publish","type":"product","link":"https:\/\/prinsetonclean.com\/vi\/product\/gang-tay-nitrile\/","title":{"rendered":"G\u0103ng tay Nitrile"},"content":{"rendered":"","protected":false},"excerpt":{"rendered":"<ul>\n<li><strong>Ch\u1ea5t li\u1ec7u:<\/strong> 100% cao su nitrile (cao su t\u1ed5ng h\u1ee3p)<\/li>\n<li><strong>T\u00ednh n\u0103ng:<\/strong> Kh\u00f4ng ch\u1ee9a ch\u1ea5t h\u00f3a d\u1ebbo, phthalate, d\u1ea7u silicon v\u00e0 amit. Th\u00edch h\u1ee3p cho ch\u1ea5t b\u00e1n d\u1eabn, LCD, PCB, m\u1ea1ch t\u00edch h\u1ee3p, \u1ed5 c\u1ee9ng, v.v. <\/li>\n<li><strong>K\u00edch th\u01b0\u1edbc:<\/strong> 9&#8243; v\u00e0 12&#8243;<\/li>\n<li><strong>M\u1ee9c \u0111\u1ed9 s\u1ea1ch s\u1ebd:<\/strong> CLASS100-10000<\/li>\n<li><strong>K\u00edch th\u01b0\u1edbc:<\/strong> L, M, S<\/li>\n<li><strong>\u0110\u00f3ng g\u00f3i:<\/strong> 50 \u0111\u00f4i\/g\u00f3i, 10 g\u00f3i\/th\u00f9ng<br \/>\n <strong>L\u01b0u \u00fd:<\/strong> Cao su nitrile kh\u00f4ng ch\u1ee9a protein v\u00e0 kh\u00f4ng g\u00e2y ra ph\u1ea3n \u1ee9ng d\u1ecb \u1ee9ng.<\/li>\n<\/ul>\n","protected":false},"featured_media":3377,"template":"","meta":[],"product_brand":[],"product_cat":[80],"product_tag":[],"class_list":{"0":"post-3726","1":"product","2":"type-product","3":"status-publish","4":"has-post-thumbnail","6":"product_cat-gang-tay","8":"first","9":"instock","10":"shipping-taxable","11":"product-type-simple"},"_links":{"self":[{"href":"https:\/\/prinsetonclean.com\/vi\/wp-json\/wp\/v2\/product\/3726"}],"collection":[{"href":"https:\/\/prinsetonclean.com\/vi\/wp-json\/wp\/v2\/product"}],"about":[{"href":"https:\/\/prinsetonclean.com\/vi\/wp-json\/wp\/v2\/types\/product"}],"version-history":[{"count":0,"href":"https:\/\/prinsetonclean.com\/vi\/wp-json\/wp\/v2\/product\/3726\/revisions"}],"wp:featuredmedia":[{"embeddable":true,"href":"https:\/\/prinsetonclean.com\/vi\/wp-json\/wp\/v2\/media\/3377"}],"wp:attachment":[{"href":"https:\/\/prinsetonclean.com\/vi\/wp-json\/wp\/v2\/media?parent=3726"}],"wp:term":[{"taxonomy":"product_brand","embeddable":true,"href":"https:\/\/prinsetonclean.com\/vi\/wp-json\/wp\/v2\/product_brand?post=3726"},{"taxonomy":"product_cat","embeddable":true,"href":"https:\/\/prinsetonclean.com\/vi\/wp-json\/wp\/v2\/product_cat?post=3726"},{"taxonomy":"product_tag","embeddable":true,"href":"https:\/\/prinsetonclean.com\/vi\/wp-json\/wp\/v2\/product_tag?post=3726"}],"curies":[{"name":"wp","href":"https:\/\/api.w.org\/{rel}","templated":true}]}}