{"id":3728,"date":"2024-10-08T13:35:07","date_gmt":"2024-10-08T13:35:07","guid":{"rendered":"https:\/\/prinsetonclean.com\/product\/bao-ngon-tay-nitrile\/"},"modified":"2024-10-08T13:35:07","modified_gmt":"2024-10-08T13:35:07","slug":"bao-ngon-tay-nitrile","status":"publish","type":"product","link":"https:\/\/prinsetonclean.com\/vi\/product\/bao-ngon-tay-nitrile\/","title":{"rendered":"Bao ng\u00f3n tay Nitrile"},"content":{"rendered":"<p><strong>Th\u00f4ng s\u1ed1 k\u1ef9 thu\u1eadt:<\/strong><\/p>\n<table>\n<tbody>\n<tr>\n<td width=\"161\"><strong>\u0110\u1eb7c \u0111i\u1ec3m k\u1ef9 thu\u1eadt<\/strong><\/td>\n<td width=\"114\"><strong>B\u00e9 nh\u1ecf<\/strong><\/td>\n<td width=\"114\"><strong>Trung b\u00ecnh<\/strong><\/td>\n<td width=\"114\"><strong>L\u1edbn<\/strong><\/td>\n<td width=\"114\"><strong>Ti\u00eau chu\u1ea9n<\/strong><\/td>\n<\/tr>\n<tr>\n<td width=\"161\">Tr\u1ecdng l\u01b0\u1ee3ng trung b\u00ecnh (g)<\/td>\n<td width=\"114\">0,39\u00b10,02<\/td>\n<td width=\"114\">0,43\u00b10,02<\/td>\n<td width=\"114\">0,48\u00b10,02<\/td>\n<td rowspan=\"4\" width=\"114\">ASTMK3772<\/td>\n<\/tr>\n<tr>\n<td width=\"161\">Chi\u1ec1u r\u1ed9ng trung b\u00ecnh (mm)<\/td>\n<td width=\"114\">24\u00b12<\/td>\n<td width=\"114\">28\u00b12<\/td>\n<td width=\"114\">30\u00b12<\/td>\n<\/tr>\n<tr>\n<td width=\"161\">Chi\u1ec1u d\u00e0i trung b\u00ecnh (mm<\/td>\n<td colspan=\"3\" width=\"341\">60\u00b15<\/td>\n<\/tr>\n<tr>\n<td width=\"161\">\u0110\u1ed9 d\u00e0y (mm)<\/td>\n<td colspan=\"3\" width=\"341\">0,09\u00b10,03<\/td>\n<\/tr>\n<\/tbody>\n<\/table>\n<p><strong>T\u00ednh ch\u1ea5t v\u1eadt l\u00fd:<\/strong><\/p>\n<table width=\"588\">\n<tbody>\n<tr>\n<td width=\"195\"><strong>M\u1ee5c<\/strong><\/td>\n<td width=\"194\"><strong>\u0110\u1eb7c \u0111i\u1ec3m k\u1ef9 thu\u1eadt<\/strong><\/td>\n<td width=\"195\"><strong>Ti\u00eau chu\u1ea9n<\/strong><\/td>\n<\/tr>\n<tr>\n<td width=\"195\">\u0110\u1ed9 b\u1ec1n k\u00e9o (MPa)<\/td>\n<td width=\"194\">\u226524<\/td>\n<td rowspan=\"2\" width=\"195\">Ti\u00eau chu\u1ea9n ASTMD3772\/D412<\/td>\n<\/tr>\n<tr>\n<td width=\"195\">\u0110\u1ed9 gi\u00e3n d\u00e0i khi \u0111\u1ee9t (%)<\/td>\n<td width=\"194\">\u2265750<\/td>\n<\/tr>\n<\/tbody>\n<\/table>\n<p><strong>\u0110\u00f3ng g\u00f3i v\u00e0 b\u1ea3o qu\u1ea3n:<\/strong><br \/>\n 1.440 chi\u1ebfc\/t\u00fai, 20 g\u00f3i\/th\u00f9ng (c\u00f3 bao b\u00ec t\u00f9y ch\u1ec9nh). B\u1ea3o qu\u1ea3n \u1edf n\u01a1i kh\u00f4 r\u00e1o, tho\u00e1ng m\u00e1t v\u00e0 t\u1ed1i. <strong>L\u01b0u \u00fd:<\/strong> Cao su nitrile kh\u00f4ng ch\u1ee9a protein v\u00e0 kh\u00f4ng g\u00e2y d\u1ecb \u1ee9ng.<\/p>\n","protected":false},"excerpt":{"rendered":"<ul>\n<li><strong>Ch\u1ea5t li\u1ec7u:<\/strong> 100% cao su nitrile (cao su t\u1ed5ng h\u1ee3p)<\/li>\n<li><strong>\u0110\u1eb7c \u0111i\u1ec3m:<\/strong> Kh\u00f4ng b\u1ecb d\u1ebbo h\u00f3a, kh\u00f4ng ch\u1ee9a d\u1ea7u silicon v\u00e0 amin<\/li>\n<li><strong>M\u00e0u s\u1eafc:<\/strong> Tr\u1eafng<\/li>\n<\/ul>\n","protected":false},"featured_media":3369,"template":"","meta":[],"product_brand":[],"product_cat":[81],"product_tag":[],"class_list":{"0":"post-3728","1":"product","2":"type-product","3":"status-publish","4":"has-post-thumbnail","6":"product_cat-ngon-tay-cots","8":"first","9":"instock","10":"shipping-taxable","11":"product-type-simple"},"_links":{"self":[{"href":"https:\/\/prinsetonclean.com\/vi\/wp-json\/wp\/v2\/product\/3728"}],"collection":[{"href":"https:\/\/prinsetonclean.com\/vi\/wp-json\/wp\/v2\/product"}],"about":[{"href":"https:\/\/prinsetonclean.com\/vi\/wp-json\/wp\/v2\/types\/product"}],"version-history":[{"count":0,"href":"https:\/\/prinsetonclean.com\/vi\/wp-json\/wp\/v2\/product\/3728\/revisions"}],"wp:featuredmedia":[{"embeddable":true,"href":"https:\/\/prinsetonclean.com\/vi\/wp-json\/wp\/v2\/media\/3369"}],"wp:attachment":[{"href":"https:\/\/prinsetonclean.com\/vi\/wp-json\/wp\/v2\/media?parent=3728"}],"wp:term":[{"taxonomy":"product_brand","embeddable":true,"href":"https:\/\/prinsetonclean.com\/vi\/wp-json\/wp\/v2\/product_brand?post=3728"},{"taxonomy":"product_cat","embeddable":true,"href":"https:\/\/prinsetonclean.com\/vi\/wp-json\/wp\/v2\/product_cat?post=3728"},{"taxonomy":"product_tag","embeddable":true,"href":"https:\/\/prinsetonclean.com\/vi\/wp-json\/wp\/v2\/product_tag?post=3728"}],"curies":[{"name":"wp","href":"https:\/\/api.w.org\/{rel}","templated":true}]}}