{"id":3729,"date":"2024-10-08T14:20:55","date_gmt":"2024-10-08T14:20:55","guid":{"rendered":"https:\/\/prinsetonclean.com\/product\/gang-tay-cao-su\/"},"modified":"2024-10-08T14:20:55","modified_gmt":"2024-10-08T14:20:55","slug":"gang-tay-cao-su","status":"publish","type":"product","link":"https:\/\/prinsetonclean.com\/vi\/product\/gang-tay-cao-su\/","title":{"rendered":"G\u0103ng tay cao su"},"content":{"rendered":"","protected":false},"excerpt":{"rendered":"<ul>\n<li><strong>Ch\u1ea5t li\u1ec7u:<\/strong> 100% cao su thi\u00ean nhi\u00ean<\/li>\n<li><strong>T\u00ednh n\u0103ng:<\/strong> Kh\u00f4ng ch\u1ee9a ch\u1ea5t h\u00f3a d\u1ebbo, phthalate v\u00e0 amides. Th\u00edch h\u1ee3p cho m\u00f4i tr\u01b0\u1eddng ph\u00f2ng s\u1ea1ch trong ch\u1ea5t b\u00e1n d\u1eabn, LCD, PCB, m\u1ea1ch t\u00edch h\u1ee3p, \u1ed5 c\u1ee9ng, v.v. <\/li>\n<li><strong>K\u00edch th\u01b0\u1edbc:<\/strong> 9&#8243; v\u00e0 12&#8243;, c\u00f3 s\u1eb5n lo\u1ea1i m\u1ecbn ho\u1eb7c c\u00f3 k\u1ebft c\u1ea5u<\/li>\n<li><strong>M\u1ee9c \u0111\u1ed9 s\u1ea1ch s\u1ebd:<\/strong> CLASS100-10000<\/li>\n<li><strong>K\u00edch th\u01b0\u1edbc:<\/strong> L, M, S<\/li>\n<li><strong>\u0110\u00f3ng g\u00f3i:<\/strong> 50 \u0111\u00f4i\/g\u00f3i, 10 g\u00f3i\/th\u00f9ng<br \/>\n <strong>L\u01b0u \u00fd:<\/strong> M\u1ee7 cao su thi\u00ean nhi\u00ean c\u00f3 th\u1ec3 g\u00e2y ra ph\u1ea3n \u1ee9ng d\u1ecb \u1ee9ng \u1edf m\u1ed9t s\u1ed1 ng\u01b0\u1eddi.<\/li>\n<\/ul>\n","protected":false},"featured_media":3373,"template":"","meta":[],"product_brand":[],"product_cat":[80],"product_tag":[],"class_list":{"0":"post-3729","1":"product","2":"type-product","3":"status-publish","4":"has-post-thumbnail","6":"product_cat-gang-tay","8":"first","9":"instock","10":"shipping-taxable","11":"product-type-simple"},"_links":{"self":[{"href":"https:\/\/prinsetonclean.com\/vi\/wp-json\/wp\/v2\/product\/3729"}],"collection":[{"href":"https:\/\/prinsetonclean.com\/vi\/wp-json\/wp\/v2\/product"}],"about":[{"href":"https:\/\/prinsetonclean.com\/vi\/wp-json\/wp\/v2\/types\/product"}],"version-history":[{"count":0,"href":"https:\/\/prinsetonclean.com\/vi\/wp-json\/wp\/v2\/product\/3729\/revisions"}],"wp:featuredmedia":[{"embeddable":true,"href":"https:\/\/prinsetonclean.com\/vi\/wp-json\/wp\/v2\/media\/3373"}],"wp:attachment":[{"href":"https:\/\/prinsetonclean.com\/vi\/wp-json\/wp\/v2\/media?parent=3729"}],"wp:term":[{"taxonomy":"product_brand","embeddable":true,"href":"https:\/\/prinsetonclean.com\/vi\/wp-json\/wp\/v2\/product_brand?post=3729"},{"taxonomy":"product_cat","embeddable":true,"href":"https:\/\/prinsetonclean.com\/vi\/wp-json\/wp\/v2\/product_cat?post=3729"},{"taxonomy":"product_tag","embeddable":true,"href":"https:\/\/prinsetonclean.com\/vi\/wp-json\/wp\/v2\/product_tag?post=3729"}],"curies":[{"name":"wp","href":"https:\/\/api.w.org\/{rel}","templated":true}]}}