{"id":3731,"date":"2024-10-08T13:42:19","date_gmt":"2024-10-08T13:42:19","guid":{"rendered":"https:\/\/prinsetonclean.com\/product\/bao-ngon-tay-esd-mo-mau-den\/"},"modified":"2024-10-08T13:42:19","modified_gmt":"2024-10-08T13:42:19","slug":"bao-ngon-tay-esd-mo-mau-den","status":"publish","type":"product","link":"https:\/\/prinsetonclean.com\/vi\/product\/bao-ngon-tay-esd-mo-mau-den\/","title":{"rendered":"Bao ng\u00f3n tay ESD m\u1edd m\u00e0u \u0111en"},"content":{"rendered":"","protected":false},"excerpt":{"rendered":"<ul>\n<li><strong>Ch\u1ea5t li\u1ec7u:<\/strong> 100% cao su thi\u00ean nhi\u00ean c\u00f4 \u0111\u1eb7c<\/li>\n<li><strong>\u0110\u1eb7c \u0111i\u1ec3m:<\/strong> Kh\u00f4ng b\u1ecb d\u1ebbo h\u00f3a, kh\u00f4ng ch\u1ee9a d\u1ea7u silicon v\u00e0 amin<\/li>\n<li><strong>M\u00e0u s\u1eafc:<\/strong> \u0110en<\/li>\n<\/ul>\n","protected":false},"featured_media":3352,"template":"","meta":[],"product_brand":[],"product_cat":[81],"product_tag":[],"class_list":{"0":"post-3731","1":"product","2":"type-product","3":"status-publish","4":"has-post-thumbnail","6":"product_cat-ngon-tay-cots","8":"first","9":"instock","10":"shipping-taxable","11":"product-type-simple"},"_links":{"self":[{"href":"https:\/\/prinsetonclean.com\/vi\/wp-json\/wp\/v2\/product\/3731"}],"collection":[{"href":"https:\/\/prinsetonclean.com\/vi\/wp-json\/wp\/v2\/product"}],"about":[{"href":"https:\/\/prinsetonclean.com\/vi\/wp-json\/wp\/v2\/types\/product"}],"version-history":[{"count":0,"href":"https:\/\/prinsetonclean.com\/vi\/wp-json\/wp\/v2\/product\/3731\/revisions"}],"wp:featuredmedia":[{"embeddable":true,"href":"https:\/\/prinsetonclean.com\/vi\/wp-json\/wp\/v2\/media\/3352"}],"wp:attachment":[{"href":"https:\/\/prinsetonclean.com\/vi\/wp-json\/wp\/v2\/media?parent=3731"}],"wp:term":[{"taxonomy":"product_brand","embeddable":true,"href":"https:\/\/prinsetonclean.com\/vi\/wp-json\/wp\/v2\/product_brand?post=3731"},{"taxonomy":"product_cat","embeddable":true,"href":"https:\/\/prinsetonclean.com\/vi\/wp-json\/wp\/v2\/product_cat?post=3731"},{"taxonomy":"product_tag","embeddable":true,"href":"https:\/\/prinsetonclean.com\/vi\/wp-json\/wp\/v2\/product_tag?post=3731"}],"curies":[{"name":"wp","href":"https:\/\/api.w.org\/{rel}","templated":true}]}}