{"id":3737,"date":"2024-09-26T14:48:48","date_gmt":"2024-09-26T14:48:48","guid":{"rendered":"https:\/\/prinsetonclean.com\/product\/cuon-lau-khuon-smt\/"},"modified":"2024-09-26T14:48:48","modified_gmt":"2024-09-26T14:48:48","slug":"cuon-lau-khuon-smt","status":"publish","type":"product","link":"https:\/\/prinsetonclean.com\/vi\/product\/cuon-lau-khuon-smt\/","title":{"rendered":"Cu\u1ed9n lau khu\u00f4n SMT"},"content":{"rendered":"","protected":false},"excerpt":{"rendered":"<p>Cu\u1ed9n gi\u1ea5y lau khu\u00f4n in SMT c\u1ee7a Prinseton \u0111\u01b0\u1ee3c l\u00e0m t\u1eeb 55% cellulose v\u00e0 45% v\u1ea3i kh\u00f4ng d\u1ec7t polyester spunlaid. N\u00f3 c\u00f3 kh\u1ea3 n\u0103ng ph\u00e1t th\u1ea3i b\u1ee5i th\u1ea5p, kh\u1ea3 n\u0103ng th\u1ea5m h\u00fat m\u1ea1nh v\u00e0 k\u1ebft c\u1ea5u m\u1ec1m m\u1ea1i kh\u00f4ng l\u00e0m tr\u1ea7y x\u01b0\u1edbc b\u1ec1 m\u1eb7t. Lo\u1ea1i gi\u1ea5y n\u00e0y lo\u1ea1i b\u1ecf hi\u1ec7u qu\u1ea3 c\u00e1c ch\u1ea5t g\u00e2y \u00f4 nhi\u1ec5m, keo d\u00e1n th\u1eeba, ch\u1ea5t k\u1ebft d\u00ednh v\u00e0 dung m\u00f4i c\u00f3 th\u1ec3 l\u00e0m h\u1ecfng PCB. Vi\u1ec7c lau t\u1ef1 \u0111\u1ed9ng gi\u00fap gi\u1ea3m th\u1eddi gian ch\u1ebft v\u00e0 gi\u00fap m\u00e1y in khu\u00f4n in ho\u1ea1t \u0111\u1ed9ng hi\u1ec7u qu\u1ea3. C\u00f3 nhi\u1ec1u k\u00edch c\u1ee1 t\u00f9y ch\u1ec9nh cho nhi\u1ec1u ki\u1ec3u m\u00e1y kh\u00e1c nhau.<br \/>\n \u0110\u01b0\u1ee3c s\u1eed d\u1ee5ng r\u1ed9ng r\u00e3i trong: D\u00e2y chuy\u1ec1n s\u1ea3n xu\u1ea5t SMT, d\u00e2y chuy\u1ec1n l\u1eafp r\u00e1p b\u00e1n d\u1eabn, s\u1ea3n ph\u1ea9m quang h\u1ecdc, s\u1ea3n ph\u1ea9m PCB, b\u1ea3o d\u01b0\u1ee1ng \u00f4 t\u00f4, thi\u1ebft b\u1ecb y t\u1ebf, linh ki\u1ec7n \u0111i\u1ec7n t\u1eed ch\u00ednh x\u00e1c, ki\u1ec3m tra, thi\u1ebft b\u1ecb ph\u00f2ng th\u00ed nghi\u1ec7m, v\u1ec7 sinh k\u00ednh, v.v.   <\/p>\n","protected":false},"featured_media":3322,"template":"","meta":[],"product_brand":[],"product_cat":[84],"product_tag":[],"class_list":{"0":"post-3737","1":"product","2":"type-product","3":"status-publish","4":"has-post-thumbnail","6":"product_cat-khan-lau-khong-xo-vai-phong-sach","8":"first","9":"instock","10":"shipping-taxable","11":"product-type-simple"},"_links":{"self":[{"href":"https:\/\/prinsetonclean.com\/vi\/wp-json\/wp\/v2\/product\/3737"}],"collection":[{"href":"https:\/\/prinsetonclean.com\/vi\/wp-json\/wp\/v2\/product"}],"about":[{"href":"https:\/\/prinsetonclean.com\/vi\/wp-json\/wp\/v2\/types\/product"}],"version-history":[{"count":0,"href":"https:\/\/prinsetonclean.com\/vi\/wp-json\/wp\/v2\/product\/3737\/revisions"}],"wp:featuredmedia":[{"embeddable":true,"href":"https:\/\/prinsetonclean.com\/vi\/wp-json\/wp\/v2\/media\/3322"}],"wp:attachment":[{"href":"https:\/\/prinsetonclean.com\/vi\/wp-json\/wp\/v2\/media?parent=3737"}],"wp:term":[{"taxonomy":"product_brand","embeddable":true,"href":"https:\/\/prinsetonclean.com\/vi\/wp-json\/wp\/v2\/product_brand?post=3737"},{"taxonomy":"product_cat","embeddable":true,"href":"https:\/\/prinsetonclean.com\/vi\/wp-json\/wp\/v2\/product_cat?post=3737"},{"taxonomy":"product_tag","embeddable":true,"href":"https:\/\/prinsetonclean.com\/vi\/wp-json\/wp\/v2\/product_tag?post=3737"}],"curies":[{"name":"wp","href":"https:\/\/api.w.org\/{rel}","templated":true}]}}