{"id":3738,"date":"2024-09-26T14:47:12","date_gmt":"2024-09-26T14:47:12","guid":{"rendered":"https:\/\/prinsetonclean.com\/product\/cuon-gat-nuoc-cong-nghiep-trang-xanh-dap-noi\/"},"modified":"2024-09-26T14:47:12","modified_gmt":"2024-09-26T14:47:12","slug":"cuon-gat-nuoc-cong-nghiep-trang-xanh-dap-noi","status":"publish","type":"product","link":"https:\/\/prinsetonclean.com\/vi\/product\/cuon-gat-nuoc-cong-nghiep-trang-xanh-dap-noi\/","title":{"rendered":"Cu\u1ed9n g\u1ea1t n\u01b0\u1edbc c\u00f4ng nghi\u1ec7p (Tr\u1eafng\/Xanh\/D\u1eadp n\u1ed5i)"},"content":{"rendered":"","protected":false},"excerpt":{"rendered":"<p><strong>Cu\u1ed9n gi\u1ea5y lau<\/strong> <strong>c\u00f4ng nghi\u1ec7p<\/strong> Prinseton \u0111\u01b0\u1ee3c l\u00e0m t\u1eeb 55% cellulose v\u00e0 45% v\u1ea3i kh\u00f4ng d\u1ec7t polyester spunlaid. N\u00f3 c\u00f3 l\u01b0\u1ee3ng b\u1ee5i th\u1ea3i ra th\u1ea5p, kh\u1ea3 n\u0103ng th\u1ea5m h\u00fat m\u1ea1nh \u0111\u1ed1i v\u1edbi c\u1ea3 n\u01b0\u1edbc v\u00e0 d\u1ea7u, v\u00e0 k\u1ebft c\u1ea5u m\u1ec1m m\u1ea1i. Lo\u1ea1i gi\u1ea5y n\u00e0y b\u1ec1n, ch\u1ed1ng dung m\u00f4i v\u00e0 kh\u00f4ng l\u00e0m tr\u1ea7y x\u01b0\u1edbc b\u1ec1 m\u1eb7t. N\u00f3 c\u00f3 hi\u1ec7u qu\u1ea3 cao trong vi\u1ec7c lo\u1ea1i b\u1ecf ch\u1ea5t g\u00e2y \u00f4 nhi\u1ec5m v\u00e0 ti\u1ebft ki\u1ec7m c\u0169ng nh\u01b0 thi\u1ebft th\u1ef1c. (C\u00f3 th\u1ec3 s\u1eed d\u1ee5ng thay cho kh\u0103n lau c\u1eeda h\u00e0ng) C\u00f3 th\u1ec3 y\u00eau c\u1ea7u k\u00edch th\u01b0\u1edbc t\u00f9y ch\u1ec9nh.<br \/>\n \u0110\u01b0\u1ee3c s\u1eed d\u1ee5ng r\u1ed9ng r\u00e3i trong: \u00f4 t\u00f4, h\u00e0ng kh\u00f4ng v\u0169 tr\u1ee5, m\u00e1y m\u00f3c, \u0111\u00f3ng t\u00e0u, d\u00e2y chuy\u1ec1n s\u1ea3n xu\u1ea5t \u0111i\u1ec7n t\u1eed, ph\u00f2ng th\u00ed nghi\u1ec7m, v.v.    <\/p>\n<p><strong>Th\u00f4ng s\u1ed1 k\u1ef9 thu\u1eadt:<\/strong><\/p>\n<ul>\n<li><strong>M\u00e0u s\u1eafc:<\/strong> Tr\u1eafng\/Xanh<\/li>\n<li><strong>Ch\u1ea5t li\u1ec7u:<\/strong> 55% cellulose, 45% polyester<\/li>\n<li><strong>Tr\u1ecdng l\u01b0\u1ee3ng:<\/strong> 50-68g\/\u33a1<\/li>\n<li><strong>K\u00edch th\u01b0\u1edbc:<\/strong> 250 x 380 mm x 500 chi\u1ebfc<\/li>\n<li><strong>\u0110\u00f3ng g\u00f3i:<\/strong> 4 cu\u1ed9n\/h\u1ed9p<\/li>\n<\/ul>\n","protected":false},"featured_media":3326,"template":"","meta":[],"product_brand":[],"product_cat":[84],"product_tag":[],"class_list":{"0":"post-3738","1":"product","2":"type-product","3":"status-publish","4":"has-post-thumbnail","6":"product_cat-khan-lau-khong-xo-vai-phong-sach","8":"first","9":"instock","10":"shipping-taxable","11":"product-type-simple"},"_links":{"self":[{"href":"https:\/\/prinsetonclean.com\/vi\/wp-json\/wp\/v2\/product\/3738"}],"collection":[{"href":"https:\/\/prinsetonclean.com\/vi\/wp-json\/wp\/v2\/product"}],"about":[{"href":"https:\/\/prinsetonclean.com\/vi\/wp-json\/wp\/v2\/types\/product"}],"version-history":[{"count":0,"href":"https:\/\/prinsetonclean.com\/vi\/wp-json\/wp\/v2\/product\/3738\/revisions"}],"wp:featuredmedia":[{"embeddable":true,"href":"https:\/\/prinsetonclean.com\/vi\/wp-json\/wp\/v2\/media\/3326"}],"wp:attachment":[{"href":"https:\/\/prinsetonclean.com\/vi\/wp-json\/wp\/v2\/media?parent=3738"}],"wp:term":[{"taxonomy":"product_brand","embeddable":true,"href":"https:\/\/prinsetonclean.com\/vi\/wp-json\/wp\/v2\/product_brand?post=3738"},{"taxonomy":"product_cat","embeddable":true,"href":"https:\/\/prinsetonclean.com\/vi\/wp-json\/wp\/v2\/product_cat?post=3738"},{"taxonomy":"product_tag","embeddable":true,"href":"https:\/\/prinsetonclean.com\/vi\/wp-json\/wp\/v2\/product_tag?post=3738"}],"curies":[{"name":"wp","href":"https:\/\/api.w.org\/{rel}","templated":true}]}}