{"id":3739,"date":"2024-09-26T14:49:05","date_gmt":"2024-09-26T14:49:05","guid":{"rendered":"https:\/\/prinsetonclean.com\/product\/wip-0609-khan-lau-phong-sach-khong-xo-vai\/"},"modified":"2024-09-26T14:49:05","modified_gmt":"2024-09-26T14:49:05","slug":"wip-0609-khan-lau-phong-sach-khong-xo-vai","status":"publish","type":"product","link":"https:\/\/prinsetonclean.com\/vi\/product\/wip-0609-khan-lau-phong-sach-khong-xo-vai\/","title":{"rendered":"WIP-0609 Kh\u0103n lau ph\u00f2ng s\u1ea1ch kh\u00f4ng x\u01a1 v\u1ea3i"},"content":{"rendered":"","protected":false},"excerpt":{"rendered":"<p>WIP-0609 c\u1ee7a Prinseton \u0111\u01b0\u1ee3c l\u00e0m t\u1eeb 55% b\u1ed9t g\u1ed7 v\u00e0 45% v\u1ea3i kh\u00f4ng d\u1ec7t polyester spunlaid. N\u00f3 c\u00f3 l\u01b0\u1ee3ng ph\u00e1t th\u1ea3i b\u1ee5i th\u1ea5p, kh\u1ea3 n\u0103ng th\u1ea5m h\u00fat m\u1ea1nh v\u00e0 k\u1ebft c\u1ea5u m\u1ec1m m\u1ea1i kh\u00f4ng l\u00e0m tr\u1ea7y x\u01b0\u1edbc b\u1ec1 m\u1eb7t, gi\u00fap lo\u1ea1i b\u1ecf ch\u1ea5t g\u00e2y \u00f4 nhi\u1ec5m hi\u1ec7u qu\u1ea3. C\u00f3 th\u1ec3 y\u00eau c\u1ea7u k\u00edch th\u01b0\u1edbc t\u00f9y ch\u1ec9nh. \u0110\u01b0\u1ee3c s\u1eed d\u1ee5ng r\u1ed9ng r\u00e3i trong: SMT, PCB, LCD, LED, in l\u01b0\u1edbi, \u0111\u0129a, ch\u1ea5t b\u00e1n d\u1eabn, s\u1ea3n ph\u1ea9m quang h\u1ecdc, s\u1ee3i quang, h\u00e0ng kh\u00f4ng v\u0169 tr\u1ee5, v.v.  <\/p>\n<ul>\n<li><strong>M\u00e0u s\u1eafc:<\/strong> Tr\u1eafng\/Xanh<\/li>\n<li><strong>Ch\u1ea5t li\u1ec7u:<\/strong> 55% cellulose, 45% polyester<\/li>\n<li><strong>Tr\u1ecdng l\u01b0\u1ee3ng:<\/strong> 50-68g\/\u33a1<\/li>\n<\/ul>\n","protected":false},"featured_media":3315,"template":"","meta":[],"product_brand":[],"product_cat":[84],"product_tag":[],"class_list":{"0":"post-3739","1":"product","2":"type-product","3":"status-publish","4":"has-post-thumbnail","6":"product_cat-khan-lau-khong-xo-vai-phong-sach","8":"first","9":"instock","10":"shipping-taxable","11":"product-type-simple"},"_links":{"self":[{"href":"https:\/\/prinsetonclean.com\/vi\/wp-json\/wp\/v2\/product\/3739"}],"collection":[{"href":"https:\/\/prinsetonclean.com\/vi\/wp-json\/wp\/v2\/product"}],"about":[{"href":"https:\/\/prinsetonclean.com\/vi\/wp-json\/wp\/v2\/types\/product"}],"version-history":[{"count":0,"href":"https:\/\/prinsetonclean.com\/vi\/wp-json\/wp\/v2\/product\/3739\/revisions"}],"wp:featuredmedia":[{"embeddable":true,"href":"https:\/\/prinsetonclean.com\/vi\/wp-json\/wp\/v2\/media\/3315"}],"wp:attachment":[{"href":"https:\/\/prinsetonclean.com\/vi\/wp-json\/wp\/v2\/media?parent=3739"}],"wp:term":[{"taxonomy":"product_brand","embeddable":true,"href":"https:\/\/prinsetonclean.com\/vi\/wp-json\/wp\/v2\/product_brand?post=3739"},{"taxonomy":"product_cat","embeddable":true,"href":"https:\/\/prinsetonclean.com\/vi\/wp-json\/wp\/v2\/product_cat?post=3739"},{"taxonomy":"product_tag","embeddable":true,"href":"https:\/\/prinsetonclean.com\/vi\/wp-json\/wp\/v2\/product_tag?post=3739"}],"curies":[{"name":"wp","href":"https:\/\/api.w.org\/{rel}","templated":true}]}}