{"id":3740,"date":"2024-09-26T14:50:39","date_gmt":"2024-09-26T14:50:39","guid":{"rendered":"https:\/\/prinsetonclean.com\/product\/khan-lau-khong-xo-vai-m-3-cleanroom\/"},"modified":"2024-09-26T14:50:39","modified_gmt":"2024-09-26T14:50:39","slug":"khan-lau-khong-xo-vai-m-3-cleanroom","status":"publish","type":"product","link":"https:\/\/prinsetonclean.com\/vi\/product\/khan-lau-khong-xo-vai-m-3-cleanroom\/","title":{"rendered":"Kh\u0103n lau kh\u00f4ng x\u01a1 v\u1ea3i M-3 Cleanroom"},"content":{"rendered":"","protected":false},"excerpt":{"rendered":"<p>Pinseton&#8217;s M-3 \u0111\u01b0\u1ee3c l\u00e0m t\u1eeb 30% viscose v\u00e0 70% polyester spunlace v\u1ea3i kh\u00f4ng d\u1ec7t. C\u1ea5u tr\u00fac l\u01b0\u1edbi \u0111\u1ea3m b\u1ea3o ph\u00e1t th\u1ea3i b\u1ee5i th\u1ea5p v\u00e0 kh\u1ea3 n\u0103ng th\u1ea5m h\u00fat m\u1ea1nh. K\u1ebft c\u1ea5u m\u1ec1m m\u1ea1i c\u1ee7a n\u00f3 tr\u00e1nh l\u00e0m tr\u1ea7y x\u01b0\u1edbc b\u1ec1 m\u1eb7t s\u1ea3n ph\u1ea9m \u0111\u1ed3ng th\u1eddi lo\u1ea1i b\u1ecf hi\u1ec7u qu\u1ea3 c\u00e1c ch\u1ea5t g\u00e2y \u00f4 nhi\u1ec5m. N\u00f3 ti\u1ebft ki\u1ec7m v\u00e0 thi\u1ebft th\u1ef1c. \u0110\u01b0\u1ee3c s\u1eed d\u1ee5ng r\u1ed9ng r\u00e3i trong: b\u1ea3ng m\u1ea1ch, in l\u01b0\u1edbi, m\u00e0n h\u00ecnh LCD, s\u1ea3n ph\u1ea9m quang h\u1ecdc, s\u1ee3i quang v\u00e0 c\u00e1c s\u1ea3n ph\u1ea9m \u0111i\u1ec7n t\u1eed kh\u00e1c.   <\/p>\n<ul>\n<li><strong>M\u00e0u s\u1eafc:<\/strong> Tr\u1eafng<\/li>\n<li><strong>Ch\u1ea5t li\u1ec7u:<\/strong> 30% viscose, 70% polyester<\/li>\n<li><strong>Tr\u1ecdng l\u01b0\u1ee3ng:<\/strong> 35-45g\/\u33a1<\/li>\n<li><strong>K\u00edch th\u01b0\u1edbc:<\/strong> 23 x 23 cm, 25 x 25 cm<\/li>\n<li><strong>Lo\u1ea1i:<\/strong> G\u1ea5p \u0111\u00f4i hai m\u1eb7t<\/li>\n<li><strong>\u0110\u00f3ng g\u00f3i:<\/strong> 100 t\u1edd\/g\u00f3i, 30 g\u00f3i\/h\u1ed9p<\/li>\n<\/ul>\n","protected":false},"featured_media":3609,"template":"","meta":[],"product_brand":[],"product_cat":[84],"product_tag":[],"class_list":{"0":"post-3740","1":"product","2":"type-product","3":"status-publish","4":"has-post-thumbnail","6":"product_cat-khan-lau-khong-xo-vai-phong-sach","8":"first","9":"instock","10":"shipping-taxable","11":"product-type-simple"},"_links":{"self":[{"href":"https:\/\/prinsetonclean.com\/vi\/wp-json\/wp\/v2\/product\/3740"}],"collection":[{"href":"https:\/\/prinsetonclean.com\/vi\/wp-json\/wp\/v2\/product"}],"about":[{"href":"https:\/\/prinsetonclean.com\/vi\/wp-json\/wp\/v2\/types\/product"}],"version-history":[{"count":0,"href":"https:\/\/prinsetonclean.com\/vi\/wp-json\/wp\/v2\/product\/3740\/revisions"}],"wp:featuredmedia":[{"embeddable":true,"href":"https:\/\/prinsetonclean.com\/vi\/wp-json\/wp\/v2\/media\/3609"}],"wp:attachment":[{"href":"https:\/\/prinsetonclean.com\/vi\/wp-json\/wp\/v2\/media?parent=3740"}],"wp:term":[{"taxonomy":"product_brand","embeddable":true,"href":"https:\/\/prinsetonclean.com\/vi\/wp-json\/wp\/v2\/product_brand?post=3740"},{"taxonomy":"product_cat","embeddable":true,"href":"https:\/\/prinsetonclean.com\/vi\/wp-json\/wp\/v2\/product_cat?post=3740"},{"taxonomy":"product_tag","embeddable":true,"href":"https:\/\/prinsetonclean.com\/vi\/wp-json\/wp\/v2\/product_tag?post=3740"}],"curies":[{"name":"wp","href":"https:\/\/api.w.org\/{rel}","templated":true}]}}