{"id":3741,"date":"2024-09-26T13:45:27","date_gmt":"2024-09-26T13:45:27","guid":{"rendered":"https:\/\/prinsetonclean.com\/product\/cay-lau-cuon-phong-sach\/"},"modified":"2024-09-26T13:45:27","modified_gmt":"2024-09-26T13:45:27","slug":"cay-lau-cuon-phong-sach","status":"publish","type":"product","link":"https:\/\/prinsetonclean.com\/vi\/product\/cay-lau-cuon-phong-sach\/","title":{"rendered":"C\u00e2y lau cu\u1ed9n ph\u00f2ng s\u1ea1ch"},"content":{"rendered":"","protected":false},"excerpt":{"rendered":"<p><strong>Kh\u0103n lau cu\u1ed9n ph\u00f2ng s\u1ea1ch Prinseton<\/strong> \u0111\u01b0\u1ee3c l\u00e0m t\u1eeb 100% s\u1ee3i t\u1ed5ng h\u1ee3p polyester-nylon li\u00ean t\u1ee5c, \u0111\u01b0\u1ee3c r\u1eeda b\u1eb1ng n\u01b0\u1edbc si\u00eau tinh khi\u1ebft 18 megohm, c\u1eaft b\u1eb1ng c\u00f4ng ngh\u1ec7 laser ho\u1eb7c si\u00eau \u00e2m v\u00e0 \u0111\u01b0\u1ee3c \u0111\u00f3ng g\u00f3i ch\u00e2n kh\u00f4ng trong ph\u00f2ng s\u1ea1ch CLASS10. S\u1ea3n ph\u1ea9m m\u1ec1m m\u1ea1i, c\u00f3 h\u00e0m l\u01b0\u1ee3ng ion r\u1ea5t th\u1ea5p, ch\u1ed1ng m\u00e0i m\u00f2n, ch\u1ed1ng \u0103n m\u00f2n, ch\u1ed1ng dung m\u00f4i h\u00f3a h\u1ecdc v\u00e0 c\u00f3 kh\u1ea3 n\u0103ng th\u1ea5m h\u00fat cao m\u00e0 kh\u00f4ng \u0111\u1ec3 l\u1ea1i v\u1ec7t sau khi lau. <strong>Kh\u0103n lau s\u1ee3i nh\u1ecf \u0111an cleanromm (Tr\u1ecdng l\u01b0\u1ee3ng: 140-250g\/<\/strong> <strong>\u33a1)<\/strong> <strong>Kh\u0103n lau s\u1ee3i nh\u1ecf d\u1ec7t cleanromm (Tr\u01a1n, v\u00e2n ch\u00e9o, d\u1ec7t ng\u1eabu nhi\u00ean, Tr\u1ecdng l\u01b0\u1ee3ng: 90-110g\/<\/strong> <strong>\u33a1)<\/strong><br \/>\n C\u00f3 th\u1ec3 t\u00f9y ch\u1ec9nh theo nhi\u1ec1u tr\u1ecdng l\u01b0\u1ee3ng v\u00e0 k\u00edch c\u1ee1 kh\u00e1c nhau theo y\u00eau c\u1ea7u<br \/>\n Th\u00edch h\u1ee3p cho quy tr\u00ecnh v\u1ec7 sinh t\u1ef1 \u0111\u1ed9ng c\u1ee7a d\u00e2y chuy\u1ec1n s\u1ea3n xu\u1ea5t TFT-LCD, m\u00f4-\u0111un hi\u1ec3n th\u1ecb tinh th\u1ec3 l\u1ecfng LCM, d\u00e2y \u0111ai v\u1ec7 sinh vi m\u00f4, ng\u00e0nh c\u00f4ng nghi\u1ec7p quang \u0111i\u1ec7n t\u1eed, wafer v\u00e0 pin lithium. <\/p>\n","protected":false},"featured_media":3306,"template":"","meta":[],"product_brand":[],"product_cat":[85],"product_tag":[],"class_list":{"0":"post-3741","1":"product","2":"type-product","3":"status-publish","4":"has-post-thumbnail","6":"product_cat-khan-lau-phong-sach","8":"first","9":"instock","10":"shipping-taxable","11":"product-type-simple"},"_links":{"self":[{"href":"https:\/\/prinsetonclean.com\/vi\/wp-json\/wp\/v2\/product\/3741"}],"collection":[{"href":"https:\/\/prinsetonclean.com\/vi\/wp-json\/wp\/v2\/product"}],"about":[{"href":"https:\/\/prinsetonclean.com\/vi\/wp-json\/wp\/v2\/types\/product"}],"version-history":[{"count":0,"href":"https:\/\/prinsetonclean.com\/vi\/wp-json\/wp\/v2\/product\/3741\/revisions"}],"wp:featuredmedia":[{"embeddable":true,"href":"https:\/\/prinsetonclean.com\/vi\/wp-json\/wp\/v2\/media\/3306"}],"wp:attachment":[{"href":"https:\/\/prinsetonclean.com\/vi\/wp-json\/wp\/v2\/media?parent=3741"}],"wp:term":[{"taxonomy":"product_brand","embeddable":true,"href":"https:\/\/prinsetonclean.com\/vi\/wp-json\/wp\/v2\/product_brand?post=3741"},{"taxonomy":"product_cat","embeddable":true,"href":"https:\/\/prinsetonclean.com\/vi\/wp-json\/wp\/v2\/product_cat?post=3741"},{"taxonomy":"product_tag","embeddable":true,"href":"https:\/\/prinsetonclean.com\/vi\/wp-json\/wp\/v2\/product_tag?post=3741"}],"curies":[{"name":"wp","href":"https:\/\/api.w.org\/{rel}","templated":true}]}}