{"id":3742,"date":"2024-09-26T13:49:41","date_gmt":"2024-09-26T13:49:41","guid":{"rendered":"https:\/\/prinsetonclean.com\/product\/khan-lau-phong-sach-soi-nho\/"},"modified":"2026-03-11T03:21:43","modified_gmt":"2026-03-11T03:21:43","slug":"khan-lau-phong-sach-soi-nho-pl-3009","status":"publish","type":"product","link":"https:\/\/prinsetonclean.com\/vi\/product\/khan-lau-phong-sach-soi-nho-pl-3009\/","title":{"rendered":"Kh\u0103n lau ph\u00f2ng s\u1ea1ch s\u1ee3i nh\u1ecf PL-3009"},"content":{"rendered":"","protected":false},"excerpt":{"rendered":"<p><strong>PL-3009 c\u1ee7a Prinseton<\/strong> \u0111\u01b0\u1ee3c l\u00e0m t\u1eeb 100% s\u1ee3i t\u1ed5ng h\u1ee3p polyester-nylon li\u00ean t\u1ee5c, s\u1eed d\u1ee5ng c\u00f4ng ngh\u1ec7 h\u00e0n m\u00e9p b\u1eb1ng laser ho\u1eb7c si\u00eau \u00e2m ti\u00ean ti\u1ebfn \u0111\u1ec3 gi\u1ea3m thi\u1ec3u t\u00ecnh tr\u1ea1ng r\u1ee5ng s\u1ee3i v\u00e0 t\u1ea1o b\u1ee5i. S\u1ea3n ph\u1ea9m \u0111\u01b0\u1ee3c gi\u1eb7t nhi\u1ec1u l\u1ea7n b\u1eb1ng n\u01b0\u1edbc si\u00eau tinh khi\u1ebft 18 megohm v\u00e0 \u0111\u01b0\u1ee3c \u0111\u00f3ng g\u00f3i ch\u00e2n kh\u00f4ng trong ph\u00f2ng s\u1ea1ch CLASS10. S\u1ea3n ph\u1ea9m m\u1ec1m m\u1ea1i, c\u00f3 h\u00e0m l\u01b0\u1ee3ng ion r\u1ea5t th\u1ea5p, ch\u1ed1ng m\u00e0i m\u00f2n, ch\u1ed1ng \u0103n m\u00f2n, ch\u1ed1ng dung m\u00f4i h\u00f3a h\u1ecdc v\u00e0 c\u00f3 kh\u1ea3 n\u0103ng th\u1ea5m h\u00fat cao m\u00e0 kh\u00f4ng \u0111\u1ec3 l\u1ea1i v\u1ec7t sau khi lau. <strong>Kh\u0103n lau ph\u00f2ng s\u1ea1ch b\u1eb1ng s\u1ee3i si\u00eau nh\u1ecf \u0111an (Tr\u1ecdng l\u01b0\u1ee3ng: 140-250g\/<\/strong> <strong>\u33a1)<\/strong> <strong>Kh\u0103n lau ph\u00f2ng s\u1ea1ch b\u1eb1ng s\u1ee3i si\u00eau nh\u1ecf d\u1ec7t (Tr\u01a1n, Ch\u00e9o, D\u1ec7t ng\u1eabu nhi\u00ean, Tr\u1ecdng l\u01b0\u1ee3ng: 90-110g\/<\/strong> <strong>\u33a1)<\/strong><br \/>\nC\u00f3 th\u1ec3 t\u00f9y ch\u1ec9nh theo nhi\u1ec1u tr\u1ecdng l\u01b0\u1ee3ng v\u00e0 k\u00edch c\u1ee1 kh\u00e1c nhau theo y\u00eau c\u1ea7u<br \/>\n\u0110\u01b0\u1ee3c s\u1eed d\u1ee5ng r\u1ed9ng r\u00e3i trong LCD, LED, ch\u1ea5t b\u00e1n d\u1eabn, \u0111\u0129a, th\u1ea5u k\u00ednh quang h\u1ecdc, m\u00f4-\u0111un \u0111\u00e8n n\u1ec1n v\u00e0 thi\u1ebft b\u1ecb \u0111i\u1ec7n t\u1eed ch\u00ednh x\u00e1c.<\/p>\n","protected":false},"featured_media":3505,"template":"","meta":[],"product_brand":[],"product_cat":[85],"product_tag":[],"class_list":{"0":"post-3742","1":"product","2":"type-product","3":"status-publish","4":"has-post-thumbnail","6":"product_cat-khan-lau-phong-sach","8":"first","9":"instock","10":"shipping-taxable","11":"product-type-simple"},"_links":{"self":[{"href":"https:\/\/prinsetonclean.com\/vi\/wp-json\/wp\/v2\/product\/3742"}],"collection":[{"href":"https:\/\/prinsetonclean.com\/vi\/wp-json\/wp\/v2\/product"}],"about":[{"href":"https:\/\/prinsetonclean.com\/vi\/wp-json\/wp\/v2\/types\/product"}],"version-history":[{"count":1,"href":"https:\/\/prinsetonclean.com\/vi\/wp-json\/wp\/v2\/product\/3742\/revisions"}],"predecessor-version":[{"id":3799,"href":"https:\/\/prinsetonclean.com\/vi\/wp-json\/wp\/v2\/product\/3742\/revisions\/3799"}],"wp:featuredmedia":[{"embeddable":true,"href":"https:\/\/prinsetonclean.com\/vi\/wp-json\/wp\/v2\/media\/3505"}],"wp:attachment":[{"href":"https:\/\/prinsetonclean.com\/vi\/wp-json\/wp\/v2\/media?parent=3742"}],"wp:term":[{"taxonomy":"product_brand","embeddable":true,"href":"https:\/\/prinsetonclean.com\/vi\/wp-json\/wp\/v2\/product_brand?post=3742"},{"taxonomy":"product_cat","embeddable":true,"href":"https:\/\/prinsetonclean.com\/vi\/wp-json\/wp\/v2\/product_cat?post=3742"},{"taxonomy":"product_tag","embeddable":true,"href":"https:\/\/prinsetonclean.com\/vi\/wp-json\/wp\/v2\/product_tag?post=3742"}],"curies":[{"name":"wp","href":"https:\/\/api.w.org\/{rel}","templated":true}]}}