{"id":3744,"date":"2024-09-26T13:46:46","date_gmt":"2024-09-26T13:46:46","guid":{"rendered":"https:\/\/prinsetonclean.com\/product\/cay-lau-phong-sach-sea-island-fiber\/"},"modified":"2026-03-11T03:09:00","modified_gmt":"2026-03-11T03:09:00","slug":"cay-lau-phong-sach-sea-island-fiber-pl-8109","status":"publish","type":"product","link":"https:\/\/prinsetonclean.com\/vi\/product\/cay-lau-phong-sach-sea-island-fiber-pl-8109\/","title":{"rendered":"C\u00e2y lau ph\u00f2ng s\u1ea1ch Sea-Island Fiber PL-8109"},"content":{"rendered":"","protected":false},"excerpt":{"rendered":"<p><strong>PL-8109 c\u1ee7a Prinseton<\/strong> \u0111\u01b0\u1ee3c l\u00e0m t\u1eeb 100% s\u1ee3i polyester li\u00ean t\u1ee5c sea-island si\u00eau m\u1ecbn, s\u1eed d\u1ee5ng c\u00f4ng ngh\u1ec7 laser ho\u1eb7c c\u00f4ng ngh\u1ec7 d\u00e1n c\u1ea1nh si\u00eau \u00e2m ti\u00ean ti\u1ebfn. \u0110\u01b0\u1ee3c r\u1eeda nhi\u1ec1u l\u1ea7n b\u1eb1ng n\u01b0\u1edbc si\u00eau tinh khi\u1ebft 18 megohm v\u00e0 \u0111\u01b0\u1ee3c \u0111\u00f3ng g\u00f3i ch\u00e2n kh\u00f4ng trong ph\u00f2ng s\u1ea1ch CLASS10, s\u1ea3n ph\u1ea9m n\u00e0y c\u00f3 b\u1ec1 m\u1eb7t \u0111\u1eb7c bi\u1ec7t m\u1ec1m m\u1ea1i v\u00e0 tinh t\u1ebf, c\u1ea3m gi\u00e1c tuy\u1ec7t v\u1eddi, kh\u1ea3 n\u0103ng h\u1ea5p th\u1ee5 v\u00e0 lau ch\u00f9i dung m\u00f4i m\u1ea1nh, ch\u1ed1ng \u0103n m\u00f2n v\u00e0 ch\u1ed1ng dung m\u00f4i h\u00f3a h\u1ecdc. N\u00f3 lau s\u1ea1ch d\u1ea7u v\u00e0 b\u1ee5i tr\u00ean b\u1ec1 m\u1eb7t m\u1ed9t c\u00e1ch nhanh ch\u00f3ng. <strong>Kh\u0103n lau ph\u00f2ng s\u1ea1ch Sea-Island Fiber (Tr\u1ecdng l\u01b0\u1ee3ng: 180-200g\/<\/strong> <strong>\u33a1)<\/strong><br \/>\nC\u00f3 th\u1ec3 t\u00f9y ch\u1ec9nh theo nhi\u1ec1u tr\u1ecdng l\u01b0\u1ee3ng v\u00e0 k\u00edch c\u1ee1 kh\u00e1c nhau theo y\u00eau c\u1ea7u<br \/>\nTh\u00edch h\u1ee3p cho c\u00e1c quy tr\u00ecnh s\u1ea3n xu\u1ea5t TFT-LCD, thi\u1ebft b\u1ecb ch\u00ednh x\u00e1c v\u00e0 v\u1ec7 sinh ph\u00f2ng s\u1ea1ch.<\/p>\n","protected":false},"featured_media":3513,"template":"","meta":[],"product_brand":[],"product_cat":[85],"product_tag":[],"class_list":{"0":"post-3744","1":"product","2":"type-product","3":"status-publish","4":"has-post-thumbnail","6":"product_cat-khan-lau-phong-sach","8":"first","9":"instock","10":"shipping-taxable","11":"product-type-simple"},"_links":{"self":[{"href":"https:\/\/prinsetonclean.com\/vi\/wp-json\/wp\/v2\/product\/3744"}],"collection":[{"href":"https:\/\/prinsetonclean.com\/vi\/wp-json\/wp\/v2\/product"}],"about":[{"href":"https:\/\/prinsetonclean.com\/vi\/wp-json\/wp\/v2\/types\/product"}],"version-history":[{"count":2,"href":"https:\/\/prinsetonclean.com\/vi\/wp-json\/wp\/v2\/product\/3744\/revisions"}],"predecessor-version":[{"id":3792,"href":"https:\/\/prinsetonclean.com\/vi\/wp-json\/wp\/v2\/product\/3744\/revisions\/3792"}],"wp:featuredmedia":[{"embeddable":true,"href":"https:\/\/prinsetonclean.com\/vi\/wp-json\/wp\/v2\/media\/3513"}],"wp:attachment":[{"href":"https:\/\/prinsetonclean.com\/vi\/wp-json\/wp\/v2\/media?parent=3744"}],"wp:term":[{"taxonomy":"product_brand","embeddable":true,"href":"https:\/\/prinsetonclean.com\/vi\/wp-json\/wp\/v2\/product_brand?post=3744"},{"taxonomy":"product_cat","embeddable":true,"href":"https:\/\/prinsetonclean.com\/vi\/wp-json\/wp\/v2\/product_cat?post=3744"},{"taxonomy":"product_tag","embeddable":true,"href":"https:\/\/prinsetonclean.com\/vi\/wp-json\/wp\/v2\/product_tag?post=3744"}],"curies":[{"name":"wp","href":"https:\/\/api.w.org\/{rel}","templated":true}]}}