{"id":3747,"date":"2024-09-26T13:50:10","date_gmt":"2024-09-26T13:50:10","guid":{"rendered":"https:\/\/prinsetonclean.com\/product\/khan-lau-phong-sach-polyester\/"},"modified":"2026-03-11T03:23:20","modified_gmt":"2026-03-11T03:23:20","slug":"khan-lau-phong-sach-polyester-pl-3008","status":"publish","type":"product","link":"https:\/\/prinsetonclean.com\/vi\/product\/khan-lau-phong-sach-polyester-pl-3008\/","title":{"rendered":"Kh\u0103n lau ph\u00f2ng s\u1ea1ch Polyester PL-3008"},"content":{"rendered":"<p>PL- <strong>3008<\/strong> <strong>c\u1ee7a Prinseton<\/strong> \u0111\u01b0\u1ee3c l\u00e0m t\u1eeb 100% s\u1ee3i polyester li\u00ean t\u1ee5c, b\u1ec1 m\u1eb7t m\u1ec1m m\u1ea1i, l\u00fd t\u01b0\u1edfng \u0111\u1ec3 lau c\u00e1c b\u1ec1 m\u1eb7t nh\u1ea1y c\u1ea3m. Kh\u00f4ng ph\u00e1t t\u00e1n b\u1ee5i, c\u00f3 kh\u1ea3 n\u0103ng h\u1ea5p th\u1ee5 n\u01b0\u1edbc m\u1ea1nh, kh\u00f4ng \u0111\u1ec3 l\u1ea1i c\u1eb7n ho\u1eb7c v\u1ebft sau khi lau v\u00e0 c\u00f3 th\u1ec3 t\u00e1i s\u1eed d\u1ee5ng. <strong>Kh\u0103n lau ph\u00f2ng s\u1ea1ch polyester (Tr\u1ecdng l\u01b0\u1ee3ng: 95-180g\/<\/strong> <strong>\u33a1)<\/strong><br \/>\nC\u00f3 th\u1ec3 t\u00f9y ch\u1ec9nh theo nhi\u1ec1u tr\u1ecdng l\u01b0\u1ee3ng v\u00e0 k\u00edch c\u1ee1 kh\u00e1c nhau theo y\u00eau c\u1ea7u<br \/>\n\u0110\u01b0\u1ee3c s\u1eed d\u1ee5ng r\u1ed9ng r\u00e3i trong SMT, PCB, LCD, LED, \u0111\u0129a quang, th\u1ea5u k\u00ednh quang h\u1ecdc, m\u00f4-\u0111un \u0111\u00e8n n\u1ec1n, v.v.<\/p>\n","protected":false},"excerpt":{"rendered":"<p>PL- 3008 c\u1ee7a Prinseton \u0111\u01b0\u1ee3c l\u00e0m t\u1eeb 100% s\u1ee3i polyester li\u00ean t\u1ee5c, b\u1ec1 m\u1eb7t m\u1ec1m m\u1ea1i, l\u00fd t\u01b0\u1edfng&#8230;<\/p>\n","protected":false},"featured_media":3287,"template":"","meta":[],"product_brand":[],"product_cat":[85],"product_tag":[],"class_list":{"0":"post-3747","1":"product","2":"type-product","3":"status-publish","4":"has-post-thumbnail","6":"product_cat-khan-lau-phong-sach","8":"first","9":"instock","10":"shipping-taxable","11":"product-type-simple"},"_links":{"self":[{"href":"https:\/\/prinsetonclean.com\/vi\/wp-json\/wp\/v2\/product\/3747"}],"collection":[{"href":"https:\/\/prinsetonclean.com\/vi\/wp-json\/wp\/v2\/product"}],"about":[{"href":"https:\/\/prinsetonclean.com\/vi\/wp-json\/wp\/v2\/types\/product"}],"version-history":[{"count":1,"href":"https:\/\/prinsetonclean.com\/vi\/wp-json\/wp\/v2\/product\/3747\/revisions"}],"predecessor-version":[{"id":3802,"href":"https:\/\/prinsetonclean.com\/vi\/wp-json\/wp\/v2\/product\/3747\/revisions\/3802"}],"wp:featuredmedia":[{"embeddable":true,"href":"https:\/\/prinsetonclean.com\/vi\/wp-json\/wp\/v2\/media\/3287"}],"wp:attachment":[{"href":"https:\/\/prinsetonclean.com\/vi\/wp-json\/wp\/v2\/media?parent=3747"}],"wp:term":[{"taxonomy":"product_brand","embeddable":true,"href":"https:\/\/prinsetonclean.com\/vi\/wp-json\/wp\/v2\/product_brand?post=3747"},{"taxonomy":"product_cat","embeddable":true,"href":"https:\/\/prinsetonclean.com\/vi\/wp-json\/wp\/v2\/product_cat?post=3747"},{"taxonomy":"product_tag","embeddable":true,"href":"https:\/\/prinsetonclean.com\/vi\/wp-json\/wp\/v2\/product_tag?post=3747"}],"curies":[{"name":"wp","href":"https:\/\/api.w.org\/{rel}","templated":true}]}}